{"id":27,"date":"2018-05-24T09:29:54","date_gmt":"2018-05-24T07:29:54","guid":{"rendered":"http:\/\/www.tierverhaltenszentrum.de\/?page_id=27"},"modified":"2025-01-24T16:58:03","modified_gmt":"2025-01-24T15:58:03","slug":"impressum","status":"publish","type":"page","link":"https:\/\/www.tierverhaltenszentrum.de\/?page_id=27","title":{"rendered":"Impressum"},"content":{"rendered":"<div class=\"n\">\n<p><strong><em>Angaben gem\u00e4\u00df \u00a7 5 TMG:<\/em><\/strong><\/p>\n<p>Tierarztpraxis Wohlfromm<\/p>\n<p>TIer\u00e4rztin Dr. med. vet. Wibke Wohlfromm<\/p>\n<p>Verhaltensberatung und -training<\/p>\n<p>Harbrookweg 3<\/p>\n<p>25494 Borstel-Hohenraden<\/p>\n<\/div>\n<p>Kontakt:<\/p>\n<p>Telefon: 0176 2358 4358<\/p>\n<p>B\u00fcro:<\/p>\n<p>Email: info@tierverhaltenszentrum.de<\/p>\n<p><strong>zust\u00e4ndige Tier\u00e4rztekammer<\/strong><\/p>\n<p>Landestier\u00e4rztekammer Schleswig-Holstein<\/p>\n<p>K\u00f6rperschaft des \u00f6ffentlichen Rechts<br \/>\nHamburger Str. 99a<br \/>\nD-25746 Heide<\/p>\n<p><strong>Erwerb der Approbation<\/strong><\/p>\n<p>Landestier\u00e4rztekammer Niedersachsen<\/p>\n<p><strong>Angaben zur Berufshaftpflichtversicherung<\/strong><\/p>\n<p>Name und Sitz der Gesellschaft<\/p>\n<p>N\u00fcrnberger<\/p>\n<p><strong>Berufsrechtliche Regelungen:<\/strong><\/p>\n<p><a href=\"http:\/\/www.tieraerztekammer-schleswig-holstein.de\/index.php?eID=tx_nawsecuredl&amp;u=0&amp;file=fileadmin\/pdf\/Lesefassung_%C3%84nderung_04.12.2013.pdf&amp;t=1440453310&amp;hash=e334a0147cd1a080dd04e67681d4a7d343f32d46\">Berufsordnung der Landestier\u00e4rztekammer Schleswig-Holstein (Stand 2008)<\/a><\/p>\n<p><a title=\"Heilberufsgesetz\" href=\"http:\/\/www.ltk-hessen.de\/rechtsgrundlagen\/gesetze.htm\"> Heilberufsgesetz<\/a><\/p>\n<p><a title=\"Weiterbildungsordnung (Stand 01.09.2007)\" href=\"http:\/\/www.ltk-hessen.de\/rechtsgrundlagen\/weiterbildung.htm\">Weiterbildungsordnung (Stand 2007)<\/a><\/p>\n<p>Geb\u00fchrenordnung f\u00fcr Tier\u00e4rzte\u00a0 (Stand\u00a0 2022)<\/p>\n<p>Verantwortlich f\u00fcr den Inhalt nach \u00a755 Abs. 2 RStV<\/p>\n<p>Tier\u00e4rztin Wibke Wohlfromm<\/p>\n<p>Harbrookweg 3<\/p>\n<p>25494 Borstel-Hohenraden<\/p>\n<p><strong>Disclaimer &#8211; Rechtliche Hinweise<\/strong><\/p>\n<div class=\"entry-content\">\n<p><strong>Haftung f\u00fcr Inhalte<\/strong><\/p>\n<p>Die Inhalte unserer Seiten wurden mit gr\u00f6\u00dfter Sorgfalt erstellt. F\u00fcr die Richtigkeit, Vollst\u00e4ndigkeit und Aktualit\u00e4t der Inhalte k\u00f6nnen wir jedoch keine Gew\u00e4hr \u00fcbernehmen.<br \/>\nAls Diensteanbieter sind wir gem\u00e4\u00df \u00a7 7 Abs.1 TMG f\u00fcr eigene Inhalte auf diesen Seiten nach den allgemeinen Gesetzen verantwortlich. Nach \u00a7\u00a7 8 bis 10 TMG sind wir als Diensteanbieter jedoch nicht verpflichtet, \u00fcbermittelte oder gespeicherte fremde Informationen zu \u00fcberwachen oder nach Umst\u00e4nden zu forschen, die auf eine rechtswidrige T\u00e4tigkeit hinweisen. Verpflichtungen zur Entfernung oder Sperrung der Nutzung von Informationen nach den allgemeinen Gesetzen bleiben hiervon unber\u00fchrt. Eine diesbez\u00fcgliche Haftung ist jedoch erst ab dem Zeitpunkt der Kenntnis einer konkreten Rechtsverletzung m\u00f6glich. Bei bekannt werden von entsprechenden Rechtsverletzungen werden wir diese Inhalte umgehend entfernen.<\/p>\n<p><strong>Haftung f\u00fcr Links<\/strong><br \/>\nUnser Angebot enth\u00e4lt Links zu externen Webseiten Dritter, auf deren Inhalte wir keinen Einfluss haben. Deshalb k\u00f6nnen wir f\u00fcr diese fremden Inhalte auch keine Gew\u00e4hr \u00fcbernehmen. F\u00fcr die Inhalte der verlinkten Seiten ist stets der jeweilige Anbieter oder Betreiber der Seiten verantwortlich. Die verlinkten Seiten wurden zum Zeitpunkt der Verlinkung auf m\u00f6gliche Rechtsverst\u00f6\u00dfe \u00fcberpr\u00fcft. Rechtswidrige Inhalte waren zum Zeitpunkt der Verlinkung nicht erkennbar. Eine permanente inhaltliche Kontrolle der verlinkten Seiten ist jedoch ohne konkrete Anhaltspunkte einer Rechtsverletzung nicht zumutbar. Bei bekannt werden von Rechtsverletzungen werden wir derartige Links umgehend entfernen.<\/p>\n<p><strong>Urheberrecht<\/strong><br \/>\nDie durch die Seitenbetreiber erstellten Inhalte und Werke auf diesen Seiten unterliegen dem deutschen Urheberrecht. Beitr\u00e4ge Dritter sind als solche gekennzeichnet. Die Vervielf\u00e4ltigung, Bearbeitung, Verbreitung und jede Art der Verwertung au\u00dferhalb der Grenzen des Urheberrechtes bed\u00fcrfen der schriftlichen Zustimmung des jeweiligen Autors bzw. Erstellers. Downloads und Kopien dieser Seite sind nur f\u00fcr den privaten, nicht kommerziellen Gebrauch gestattet.<br \/>\nDie Betreiber der Seiten sind bem\u00fcht, stets die Urheberrechte anderer zu beachten bzw. auf selbst erstellte sowie lizenzfreie Werke zur\u00fcckzugreifen.<\/p>\n<p>Quelle: <a title=\"eRecht24\" href=\"http:\/\/www.e-recht24.de\/muster-disclaimer.htm\" target=\"_blank\" rel=\"noopener\">eRecht24.de<\/a> &#8211; Internetrecht von Rechtsanwalt S\u00f6ren Siebert<\/p>\n<\/div>\n<p><strong>\u00a0<\/strong><\/p>\n","protected":false},"excerpt":{"rendered":"<p>Angaben gem\u00e4\u00df \u00a7 5 TMG: Tierarztpraxis Wohlfromm TIer\u00e4rztin Dr. med. vet. Wibke Wohlfromm Verhaltensberatung und -training Harbrookweg 3 25494 Borstel-Hohenraden Kontakt: Telefon: 0176 2358 4358 B\u00fcro: Email: info@tierverhaltenszentrum.de zust\u00e4ndige Tier\u00e4rztekammer Landestier\u00e4rztekammer Schleswig-Holstein K\u00f6rperschaft des \u00f6ffentlichen Rechts Hamburger Str. 99a D-25746 Heide Erwerb der Approbation Landestier\u00e4rztekammer Niedersachsen Angaben zur Berufshaftpflichtversicherung Name und Sitz der Gesellschaft N\u00fcrnberger &hellip; <\/p>\n<p><a class=\"more-link block-button\" href=\"https:\/\/www.tierverhaltenszentrum.de\/?page_id=27\">Weiterlesen &raquo;<\/a><\/p>\n","protected":false},"author":1,"featured_media":0,"parent":0,"menu_order":0,"comment_status":"closed","ping_status":"closed","template":"","meta":{"footnotes":""},"class_list":["post-27","page","type-page","status-publish","hentry","nodate"],"_links":{"self":[{"href":"https:\/\/www.tierverhaltenszentrum.de\/index.php?rest_route=\/wp\/v2\/pages\/27","targetHints":{"allow":["GET"]}}],"collection":[{"href":"https:\/\/www.tierverhaltenszentrum.de\/index.php?rest_route=\/wp\/v2\/pages"}],"about":[{"href":"https:\/\/www.tierverhaltenszentrum.de\/index.php?rest_route=\/wp\/v2\/types\/page"}],"author":[{"embeddable":true,"href":"https:\/\/www.tierverhaltenszentrum.de\/index.php?rest_route=\/wp\/v2\/users\/1"}],"replies":[{"embeddable":true,"href":"https:\/\/www.tierverhaltenszentrum.de\/index.php?rest_route=%2Fwp%2Fv2%2Fcomments&post=27"}],"version-history":[{"count":10,"href":"https:\/\/www.tierverhaltenszentrum.de\/index.php?rest_route=\/wp\/v2\/pages\/27\/revisions"}],"predecessor-version":[{"id":578,"href":"https:\/\/www.tierverhaltenszentrum.de\/index.php?rest_route=\/wp\/v2\/pages\/27\/revisions\/578"}],"wp:attachment":[{"href":"https:\/\/www.tierverhaltenszentrum.de\/index.php?rest_route=%2Fwp%2Fv2%2Fmedia&parent=27"}],"curies":[{"name":"wp","href":"https:\/\/api.w.org\/{rel}","templated":true}]}}