{"id":31,"date":"2015-08-18T22:01:50","date_gmt":"2015-08-18T20:01:50","guid":{"rendered":"http:\/\/www.tierverhaltenszentrum.de\/?page_id=31"},"modified":"2018-05-24T09:18:21","modified_gmt":"2018-05-24T07:18:21","slug":"was-bedeutet-das-genau","status":"publish","type":"page","link":"https:\/\/www.tierverhaltenszentrum.de\/?page_id=31","title":{"rendered":"Was bedeutet das genau?"},"content":{"rendered":"<p><a href=\"https:\/\/www.tierverhaltenszentrum.de\/wp-content\/uploads\/2015\/08\/cat-715910.jpg\"><img loading=\"lazy\" decoding=\"async\" class=\" size-medium wp-image-189 alignright\" src=\"https:\/\/www.tierverhaltenszentrum.de\/wp-content\/uploads\/2015\/08\/cat-715910-300x200.jpg\" alt=\"cat-715910\" width=\"300\" height=\"200\" srcset=\"https:\/\/www.tierverhaltenszentrum.de\/wp-content\/uploads\/2015\/08\/cat-715910-300x200.jpg 300w, https:\/\/www.tierverhaltenszentrum.de\/wp-content\/uploads\/2015\/08\/cat-715910.jpg 591w\" sizes=\"auto, (max-width: 300px) 100vw, 300px\" \/><\/a>Oft bedeuten problematische oder krankhafte Verhaltensweisen eine <strong>extreme Belastung f\u00fcr das Tier und den Besitzer<\/strong>. Einschr\u00e4nkungen im Alltag, Spannungen im sozialen Umfeld und eine St\u00f6rung der Mensch-Tier Beziehung k\u00f6nnen die Folge sein.<br \/>\nDie Verhaltenstherapie ist ein <strong>Spezialgebiet in der Tiermedizin<\/strong>, so wie die Augen- oder Zahnheilkunde. F\u00fcr dieses Fachgebiet ist Wissen im Bereich der Ethologie (Verhaltenskunde) ebenso n\u00f6tig wie Kenntnisse der Lernbiologie, Physiologie, Neurologie und der Pharmakologie.<\/p>\n<p>Ein verhaltenstherapeutisch t\u00e4tiger Tierarzt kann Verhaltensprobleme <strong>umfassend analysieren<\/strong> und gleichzeitig notwendige <strong>medizinische Untersuchungen<\/strong> einleiten. Oft sind aber auch die Lebensumst\u00e4nde oder <strong>Missverst\u00e4ndnisse in der Kommunikation<\/strong> Ausl\u00f6ser f\u00fcr st\u00f6rendes Verhalten.<br \/>\nEin Tierarzt kann aber auch <strong>k\u00f6rperliche Erkrankungen<\/strong>, wie beispielsweise chronische Schmerzen oder genetische Veranlagungen als Ursache abkl\u00e4ren.<\/p>\n<p>Ein Spezialist auf dem Gebiet der Verhaltenstherapie und \u2013medizin arbeitet in der Regel eng mit dem Haustierarzt zusammen. Die verhaltenstherapeutische Behandlung wird vom spezialisierten Tierarzt durchgef\u00fchrt, die Medikamentenabgabe und medizinische Kontrollen finden in <strong>Absprache mit der gewohnten Tierarztpraxis<\/strong> statt.<\/p>\n","protected":false},"excerpt":{"rendered":"<p>Oft bedeuten problematische oder krankhafte Verhaltensweisen eine extreme Belastung f\u00fcr das Tier und den Besitzer. Einschr\u00e4nkungen im Alltag, Spannungen im sozialen Umfeld und eine St\u00f6rung der Mensch-Tier Beziehung k\u00f6nnen die Folge sein. Die Verhaltenstherapie ist ein Spezialgebiet in der Tiermedizin, so wie die Augen- oder Zahnheilkunde. F\u00fcr dieses Fachgebiet ist Wissen im Bereich der Ethologie &hellip; <\/p>\n<p><a class=\"more-link block-button\" href=\"https:\/\/www.tierverhaltenszentrum.de\/?page_id=31\">Weiterlesen &raquo;<\/a><\/p>\n","protected":false},"author":1,"featured_media":0,"parent":17,"menu_order":1,"comment_status":"closed","ping_status":"closed","template":"","meta":{"footnotes":""},"class_list":["post-31","page","type-page","status-publish","hentry","nodate"],"_links":{"self":[{"href":"https:\/\/www.tierverhaltenszentrum.de\/index.php?rest_route=\/wp\/v2\/pages\/31","targetHints":{"allow":["GET"]}}],"collection":[{"href":"https:\/\/www.tierverhaltenszentrum.de\/index.php?rest_route=\/wp\/v2\/pages"}],"about":[{"href":"https:\/\/www.tierverhaltenszentrum.de\/index.php?rest_route=\/wp\/v2\/types\/page"}],"author":[{"embeddable":true,"href":"https:\/\/www.tierverhaltenszentrum.de\/index.php?rest_route=\/wp\/v2\/users\/1"}],"replies":[{"embeddable":true,"href":"https:\/\/www.tierverhaltenszentrum.de\/index.php?rest_route=%2Fwp%2Fv2%2Fcomments&post=31"}],"version-history":[{"count":6,"href":"https:\/\/www.tierverhaltenszentrum.de\/index.php?rest_route=\/wp\/v2\/pages\/31\/revisions"}],"predecessor-version":[{"id":557,"href":"https:\/\/www.tierverhaltenszentrum.de\/index.php?rest_route=\/wp\/v2\/pages\/31\/revisions\/557"}],"up":[{"embeddable":true,"href":"https:\/\/www.tierverhaltenszentrum.de\/index.php?rest_route=\/wp\/v2\/pages\/17"}],"wp:attachment":[{"href":"https:\/\/www.tierverhaltenszentrum.de\/index.php?rest_route=%2Fwp%2Fv2%2Fmedia&parent=31"}],"curies":[{"name":"wp","href":"https:\/\/api.w.org\/{rel}","templated":true}]}}