{"id":35,"date":"2015-08-18T22:01:04","date_gmt":"2015-08-18T20:01:04","guid":{"rendered":"http:\/\/www.tierverhaltenszentrum.de\/?page_id=35"},"modified":"2018-05-24T09:18:40","modified_gmt":"2018-05-24T07:18:40","slug":"leistungen-fuer-den-hund","status":"publish","type":"page","link":"https:\/\/www.tierverhaltenszentrum.de\/?page_id=35","title":{"rendered":"Leistungen f\u00fcr den Hund"},"content":{"rendered":"<p>Ich biete Ihnen eine Verhaltensberatung mit Erstellung eines individuellen Therapieplans und ein auf Sie und ihr Tier optimal zugeschnittenes Training.\u00a0Die Treffen finden f\u00fcr Hunde und ihre Besitzer meist auf dem Praxisgel\u00e4nde statt. Nur in Ausnahmef\u00e4llen komme ich zu einem Hausbesuch.<\/p>\n<p><strong><a href=\"https:\/\/www.tierverhaltenszentrum.de\/wp-content\/uploads\/2015\/08\/IMG_0824.jpg\"><img loading=\"lazy\" decoding=\"async\" class=\"  wp-image-101 alignright\" src=\"https:\/\/www.tierverhaltenszentrum.de\/wp-content\/uploads\/2015\/08\/IMG_0824-200x300.jpg\" alt=\"IMG_0824\" width=\"211\" height=\"317\" srcset=\"https:\/\/www.tierverhaltenszentrum.de\/wp-content\/uploads\/2015\/08\/IMG_0824-200x300.jpg 200w, https:\/\/www.tierverhaltenszentrum.de\/wp-content\/uploads\/2015\/08\/IMG_0824.jpg 534w\" sizes=\"auto, (max-width: 211px) 100vw, 211px\" \/><\/a>H\u00e4ufige Gr\u00fcnde f\u00fcr eine Konsultation beim Hund sind:<\/strong><\/p>\n<ul>\n<li>Aggressionsverhalten gegen\u00fcber Artgenossen oder Menschen<\/li>\n<\/ul>\n<ul>\n<li>\u00c4ngstlichkeit<br \/>\n(z. B. bei Ger\u00e4uschen, Menschen, Umweltsituationen, Tierarztbesuchen)<\/li>\n<\/ul>\n<ul>\n<li>Trennungsangst, Probleme beim Allein sein<\/li>\n<\/ul>\n<ul>\n<li>Unkontrollierbares Jagdverhalten<br \/>\n(bei Haus- und Wildtieren, Joggern, Kindern, Autos, etc.)<\/li>\n<\/ul>\n<ul>\n<li>Verschiedene Stereotypien<br \/>\n(Schwanz jagen, Belecken von K\u00f6rperteilen, Schatten jagen, usw.)<\/li>\n<\/ul>\n<ul>\n<li>\u00dcbererregbarkeit \/ Hyperaktivit\u00e4t<\/li>\n<\/ul>\n<ul>\n<li>St\u00f6rendes Bellen<\/li>\n<\/ul>\n<ul>\n<li>Probleme in verschiedenen Alltagssituationen<br \/>\n(Auto fahren, Fressen von Unrat, Stubenreinheit)<\/li>\n<\/ul>\n<ul>\n<li>m\u00f6gliche &#8222;Rangordnungsprobleme&#8220;<\/li>\n<\/ul>\n<p>&nbsp;<\/p>\n<p><strong>Allgemeine Fragen<img loading=\"lazy\" decoding=\"async\" class=\"  wp-image-209 alignright\" src=\"https:\/\/www.tierverhaltenszentrum.de\/wp-content\/uploads\/2015\/08\/MG_70161-300x289.jpg\" alt=\"MG_7016\" width=\"210\" height=\"202\" srcset=\"https:\/\/www.tierverhaltenszentrum.de\/wp-content\/uploads\/2015\/08\/MG_70161-300x289.jpg 300w, https:\/\/www.tierverhaltenszentrum.de\/wp-content\/uploads\/2015\/08\/MG_70161-1024x987.jpg 1024w\" sizes=\"auto, (max-width: 210px) 100vw, 210px\" \/><\/strong><\/p>\n<ul>\n<li>Beratung vor dem Kauf eines Hundes<\/li>\n<li>Erziehungsfragen beim Hund<br \/>\n(z.B. Anspringen, heftiges Spielen, R\u00fcckruf, Besch\u00e4ftigungsideen u.v.m.)<\/li>\n<li>Einf\u00fchrung von neuen Haustieren<\/li>\n<li>Zusammenf\u00fchrung von Kind und Haustier<\/li>\n<li>Zusammenleben \/ Interaktion von Kind und Hund<\/li>\n<li>Medical Training, Vorbereitung auf den n\u00e4chsten Tierarztbesuch<\/li>\n<\/ul>\n","protected":false},"excerpt":{"rendered":"<p>Ich biete Ihnen eine Verhaltensberatung mit Erstellung eines individuellen Therapieplans und ein auf Sie und ihr Tier optimal zugeschnittenes Training.\u00a0Die Treffen finden f\u00fcr Hunde und ihre Besitzer meist auf dem Praxisgel\u00e4nde statt. Nur in Ausnahmef\u00e4llen komme ich zu einem Hausbesuch. H\u00e4ufige Gr\u00fcnde f\u00fcr eine Konsultation beim Hund sind: Aggressionsverhalten gegen\u00fcber Artgenossen oder Menschen \u00c4ngstlichkeit (z. &hellip; <\/p>\n<p><a class=\"more-link block-button\" href=\"https:\/\/www.tierverhaltenszentrum.de\/?page_id=35\">Weiterlesen &raquo;<\/a><\/p>\n","protected":false},"author":1,"featured_media":0,"parent":17,"menu_order":3,"comment_status":"closed","ping_status":"closed","template":"","meta":{"footnotes":""},"class_list":["post-35","page","type-page","status-publish","hentry","nodate"],"_links":{"self":[{"href":"https:\/\/www.tierverhaltenszentrum.de\/index.php?rest_route=\/wp\/v2\/pages\/35","targetHints":{"allow":["GET"]}}],"collection":[{"href":"https:\/\/www.tierverhaltenszentrum.de\/index.php?rest_route=\/wp\/v2\/pages"}],"about":[{"href":"https:\/\/www.tierverhaltenszentrum.de\/index.php?rest_route=\/wp\/v2\/types\/page"}],"author":[{"embeddable":true,"href":"https:\/\/www.tierverhaltenszentrum.de\/index.php?rest_route=\/wp\/v2\/users\/1"}],"replies":[{"embeddable":true,"href":"https:\/\/www.tierverhaltenszentrum.de\/index.php?rest_route=%2Fwp%2Fv2%2Fcomments&post=35"}],"version-history":[{"count":15,"href":"https:\/\/www.tierverhaltenszentrum.de\/index.php?rest_route=\/wp\/v2\/pages\/35\/revisions"}],"predecessor-version":[{"id":559,"href":"https:\/\/www.tierverhaltenszentrum.de\/index.php?rest_route=\/wp\/v2\/pages\/35\/revisions\/559"}],"up":[{"embeddable":true,"href":"https:\/\/www.tierverhaltenszentrum.de\/index.php?rest_route=\/wp\/v2\/pages\/17"}],"wp:attachment":[{"href":"https:\/\/www.tierverhaltenszentrum.de\/index.php?rest_route=%2Fwp%2Fv2%2Fmedia&parent=35"}],"curies":[{"name":"wp","href":"https:\/\/api.w.org\/{rel}","templated":true}]}}