{"id":39,"date":"2015-08-18T22:03:02","date_gmt":"2015-08-18T20:03:02","guid":{"rendered":"http:\/\/www.tierverhaltenszentrum.de\/?page_id=39"},"modified":"2018-05-24T09:17:53","modified_gmt":"2018-05-24T07:17:53","slug":"philosophie","status":"publish","type":"page","link":"https:\/\/www.tierverhaltenszentrum.de\/?page_id=39","title":{"rendered":"Philosophie"},"content":{"rendered":"<p><strong>Mobile Praxis:\u00a0Schwerpunkt Verhaltensberatung und \u2013training<a href=\"https:\/\/www.tierverhaltenszentrum.de\/wp-content\/uploads\/2015\/08\/dog-729754.jpg\"><img loading=\"lazy\" decoding=\"async\" class=\" size-medium wp-image-193 alignright\" src=\"https:\/\/www.tierverhaltenszentrum.de\/wp-content\/uploads\/2015\/08\/dog-729754-300x163.jpg\" alt=\"dog-729754\" width=\"300\" height=\"163\" srcset=\"https:\/\/www.tierverhaltenszentrum.de\/wp-content\/uploads\/2015\/08\/dog-729754-300x163.jpg 300w, https:\/\/www.tierverhaltenszentrum.de\/wp-content\/uploads\/2015\/08\/dog-729754.jpg 591w\" sizes=\"auto, (max-width: 300px) 100vw, 300px\" \/><\/a><\/strong><\/p>\n<p>Ich biete Ihnen kompetente Beratung und individuelles Training bei Verhaltensproblemen mit ihrem Haustier. Bei mir finden Sie keine mysteri\u00f6sen Wunderwaffen oder einen einzigen richtigen Ausbildungsweg. Viel wichtiger ist mir, mit Ihnen gemeinsam ein strukturiertes Training passend f\u00fcr Sie und ihr Tier zu entwickeln. Dabei w\u00e4hle ich tierschutzgerechte Methoden mit entsprechendem lernbiologischem Fachwissen aus, die zu ihrem Tier und ihrer Situation passen.<\/p>\n<p>St\u00e4ndige Fort- und Weiterbildung ist f\u00fcr mich selbstverst\u00e4ndlich, um auf dem neuesten Stand der Forschung im Bereich Tierverhalten zu bleiben. Darum besuche ich regelm\u00e4\u00dfig Seminare und Veranstaltungen um mich immer \u00fcber neue Ausbildungsmethoden, Hundesportarten und tiermedizinische Erkenntnisse zu informieren.<\/p>\n<p>&nbsp;<\/p>\n","protected":false},"excerpt":{"rendered":"<p>Mobile Praxis:\u00a0Schwerpunkt Verhaltensberatung und \u2013training Ich biete Ihnen kompetente Beratung und individuelles Training bei Verhaltensproblemen mit ihrem Haustier. Bei mir finden Sie keine mysteri\u00f6sen Wunderwaffen oder einen einzigen richtigen Ausbildungsweg. Viel wichtiger ist mir, mit Ihnen gemeinsam ein strukturiertes Training passend f\u00fcr Sie und ihr Tier zu entwickeln. Dabei w\u00e4hle ich tierschutzgerechte Methoden mit entsprechendem &hellip; <\/p>\n<p><a class=\"more-link block-button\" href=\"https:\/\/www.tierverhaltenszentrum.de\/?page_id=39\">Weiterlesen &raquo;<\/a><\/p>\n","protected":false},"author":1,"featured_media":0,"parent":58,"menu_order":0,"comment_status":"closed","ping_status":"closed","template":"","meta":{"footnotes":""},"class_list":["post-39","page","type-page","status-publish","hentry","nodate"],"_links":{"self":[{"href":"https:\/\/www.tierverhaltenszentrum.de\/index.php?rest_route=\/wp\/v2\/pages\/39","targetHints":{"allow":["GET"]}}],"collection":[{"href":"https:\/\/www.tierverhaltenszentrum.de\/index.php?rest_route=\/wp\/v2\/pages"}],"about":[{"href":"https:\/\/www.tierverhaltenszentrum.de\/index.php?rest_route=\/wp\/v2\/types\/page"}],"author":[{"embeddable":true,"href":"https:\/\/www.tierverhaltenszentrum.de\/index.php?rest_route=\/wp\/v2\/users\/1"}],"replies":[{"embeddable":true,"href":"https:\/\/www.tierverhaltenszentrum.de\/index.php?rest_route=%2Fwp%2Fv2%2Fcomments&post=39"}],"version-history":[{"count":8,"href":"https:\/\/www.tierverhaltenszentrum.de\/index.php?rest_route=\/wp\/v2\/pages\/39\/revisions"}],"predecessor-version":[{"id":555,"href":"https:\/\/www.tierverhaltenszentrum.de\/index.php?rest_route=\/wp\/v2\/pages\/39\/revisions\/555"}],"up":[{"embeddable":true,"href":"https:\/\/www.tierverhaltenszentrum.de\/index.php?rest_route=\/wp\/v2\/pages\/58"}],"wp:attachment":[{"href":"https:\/\/www.tierverhaltenszentrum.de\/index.php?rest_route=%2Fwp%2Fv2%2Fmedia&parent=39"}],"curies":[{"name":"wp","href":"https:\/\/api.w.org\/{rel}","templated":true}]}}