{"id":52,"date":"2015-08-18T22:08:12","date_gmt":"2015-08-18T20:08:12","guid":{"rendered":"http:\/\/www.tierverhaltenszentrum.de\/?page_id=52"},"modified":"2017-03-30T21:57:40","modified_gmt":"2017-03-30T19:57:40","slug":"termine","status":"publish","type":"page","link":"https:\/\/www.tierverhaltenszentrum.de\/?page_id=52","title":{"rendered":"Termine"},"content":{"rendered":"<h2 class=\"tribe-events-single-event-title summary entry-title\">Lehrgang: 1. Hilfe beim Hund<\/h2>\n<div class=\"tribe-events-schedule updated published tribe-clearfix\">\n<h3><span class=\"date-start dtstart\">Oktober 14.10.2017<\/span><\/h3>\n<\/div>\n<p>Anmeldung \u00fcber unser B\u00fcro<\/p>\n<p>&nbsp;<\/p>\n<div class=\"tribe-events-schedule updated published tribe-clearfix\">\n<p><span class=\"tribe-events-divider\">|<\/span> <span class=\"tribe-events-cost\">45\u20ac<\/span><\/p>\n<\/div>\n<div id=\"post-923\" class=\"post-923 tribe_events type-tribe_events status-publish tribe_events_cat-lehrgang cat_lehrgang nodate\">\n<div class=\"tribe-events-single-event-description tribe-events-content entry-content description\">\n<p><strong>Referentin: Tier\u00e4rztin Wibke Wohlfromm<\/strong><\/p>\n<p>Wenn der eigene Hund sich verletzt oder pl\u00f6tzlich erkrankt, f\u00fchlen sich viele Besitzer unsicher und es stellen sich viele Fragen:<\/p>\n<p><strong>\u2022 Wie versorge ich meinen Hund im Notfall richtig?<\/strong><br \/>\n<strong>\u2022 Welche Krankheiten und Verletzungen kann ich selbst erkennen und behandeln?<\/strong><br \/>\n<strong>\u2022 Muss ich zum Tierarzt und wie schnell ist eine Behandlung n\u00f6tig?<\/strong><\/p>\n<p>Um genau diese Themen geht es im Erste-Hilfe-Lehrgang f\u00fcr Hundebesitzer. Im Seminar werden die h\u00e4ufigsten Probleme vermittelt und anschlie\u00dfend das medizinische Wissen anhand von praktischen Beispielen am Hund ge\u00fcbt.<\/p>\n<p>Die Teilnehmerzahl ist auf 10 begrenzt, eine fr\u00fche Anmeldung lohnt sich. Vertr\u00e4gliche Hunde d\u00fcrfen gerne mitgebracht werden.<\/p>\n<\/div>\n<\/div>\n","protected":false},"excerpt":{"rendered":"<p>Lehrgang: 1. Hilfe beim Hund Oktober 14.10.2017 Anmeldung \u00fcber unser B\u00fcro &nbsp; | 45\u20ac Referentin: Tier\u00e4rztin Wibke Wohlfromm Wenn der eigene Hund sich verletzt oder pl\u00f6tzlich erkrankt, f\u00fchlen sich viele Besitzer unsicher und es stellen sich viele Fragen: \u2022 Wie versorge ich meinen Hund im Notfall richtig? \u2022 Welche Krankheiten und Verletzungen kann ich selbst &hellip; <\/p>\n<p><a class=\"more-link block-button\" href=\"https:\/\/www.tierverhaltenszentrum.de\/?page_id=52\">Weiterlesen &raquo;<\/a><\/p>\n","protected":false},"author":1,"featured_media":0,"parent":60,"menu_order":0,"comment_status":"closed","ping_status":"closed","template":"","meta":{"footnotes":""},"class_list":["post-52","page","type-page","status-publish","hentry","nodate"],"_links":{"self":[{"href":"https:\/\/www.tierverhaltenszentrum.de\/index.php?rest_route=\/wp\/v2\/pages\/52","targetHints":{"allow":["GET"]}}],"collection":[{"href":"https:\/\/www.tierverhaltenszentrum.de\/index.php?rest_route=\/wp\/v2\/pages"}],"about":[{"href":"https:\/\/www.tierverhaltenszentrum.de\/index.php?rest_route=\/wp\/v2\/types\/page"}],"author":[{"embeddable":true,"href":"https:\/\/www.tierverhaltenszentrum.de\/index.php?rest_route=\/wp\/v2\/users\/1"}],"replies":[{"embeddable":true,"href":"https:\/\/www.tierverhaltenszentrum.de\/index.php?rest_route=%2Fwp%2Fv2%2Fcomments&post=52"}],"version-history":[{"count":4,"href":"https:\/\/www.tierverhaltenszentrum.de\/index.php?rest_route=\/wp\/v2\/pages\/52\/revisions"}],"predecessor-version":[{"id":402,"href":"https:\/\/www.tierverhaltenszentrum.de\/index.php?rest_route=\/wp\/v2\/pages\/52\/revisions\/402"}],"up":[{"embeddable":true,"href":"https:\/\/www.tierverhaltenszentrum.de\/index.php?rest_route=\/wp\/v2\/pages\/60"}],"wp:attachment":[{"href":"https:\/\/www.tierverhaltenszentrum.de\/index.php?rest_route=%2Fwp%2Fv2%2Fmedia&parent=52"}],"curies":[{"name":"wp","href":"https:\/\/api.w.org\/{rel}","templated":true}]}}