{"id":79,"date":"2015-08-18T22:25:58","date_gmt":"2015-08-18T20:25:58","guid":{"rendered":"http:\/\/www.tierverhaltenszentrum.de\/?page_id=79"},"modified":"2018-05-24T09:39:34","modified_gmt":"2018-05-24T07:39:34","slug":"kontakt","status":"publish","type":"page","link":"https:\/\/www.tierverhaltenszentrum.de\/?page_id=79","title":{"rendered":"Kontakt"},"content":{"rendered":"<p><strong>F\u00fcr eine Terminvereinbarung<br \/>\n<\/strong>f\u00fcr eine Verhaltensberatung erreichen sie das B\u00fcro unter<\/p>\n<p>040 36196050<\/p>\n<p>von Montag bis Freitag 9:00 &#8211; 13:00 Uhr<\/p>\n<p>oder verwenden Sie das Kontaktformular.<\/p>\n<p>In dringenden Notf\u00e4llen hinterlassen Sie mir eine Nachricht auf meiner Mailbox unter 0176-2358 4358. Ich rufe Sie dann am selben Tag zur\u00fcck.<\/p>\n<p><strong>Noch ein wichtiger Hinweis:<\/strong>\u00a0Als mobile Praxis haben wir keine Behandlungsm\u00f6glichkeiten vor Ort. Bei akuten k\u00f6rperlichen Erkrankungen wenden Sie sich bitte an ihren Haustierarzt, den tier\u00e4rztlichen Notdienst oder eine Tierklinik in ihrer N\u00e4he.<\/p>\n<p>&nbsp;<\/p>\n<table width=\"100%\">\n<tbody>\n<tr>\n<td width=\"50%\">\n<div class=\"wpcf7 no-js\" id=\"wpcf7-f546-o1\" lang=\"de-DE\" dir=\"ltr\" data-wpcf7-id=\"546\">\n<div class=\"screen-reader-response\"><p role=\"status\" aria-live=\"polite\" aria-atomic=\"true\"><\/p> <ul><\/ul><\/div>\n<form action=\"\/index.php?rest_route=%2Fwp%2Fv2%2Fpages%2F79#wpcf7-f546-o1\" method=\"post\" class=\"wpcf7-form init\" aria-label=\"Kontaktformular\" novalidate=\"novalidate\" data-status=\"init\">\n<fieldset class=\"hidden-fields-container\"><input type=\"hidden\" name=\"_wpcf7\" value=\"546\" \/><input type=\"hidden\" name=\"_wpcf7_version\" value=\"6.1.5\" \/><input type=\"hidden\" name=\"_wpcf7_locale\" value=\"de_DE\" \/><input type=\"hidden\" name=\"_wpcf7_unit_tag\" value=\"wpcf7-f546-o1\" \/><input type=\"hidden\" name=\"_wpcf7_container_post\" value=\"0\" \/><input type=\"hidden\" name=\"_wpcf7_posted_data_hash\" value=\"\" \/>\n<\/fieldset>\n<p>Ihr Name (Pflichtfeld):\n<\/p>\n<p><span class=\"wpcf7-form-control-wrap\" data-name=\"your-name\"><input size=\"40\" maxlength=\"400\" class=\"wpcf7-form-control wpcf7-text wpcf7-validates-as-required\" aria-required=\"true\" aria-invalid=\"false\" value=\"\" type=\"text\" name=\"your-name\" \/><\/span>\n<\/p>\n<p>Ihre E-Mail-Adresse (Pflichtfeld):\n<\/p>\n<p><span class=\"wpcf7-form-control-wrap\" data-name=\"your-email\"><input size=\"40\" maxlength=\"400\" class=\"wpcf7-form-control wpcf7-email wpcf7-validates-as-required wpcf7-text wpcf7-validates-as-email\" aria-required=\"true\" aria-invalid=\"false\" value=\"\" type=\"email\" name=\"your-email\" \/><\/span>\n<\/p>\n<p>Betreff (Pflichtfeld):\n<\/p>\n<p><span class=\"wpcf7-form-control-wrap\" data-name=\"your-subject\"><input size=\"40\" maxlength=\"400\" class=\"wpcf7-form-control wpcf7-text wpcf7-validates-as-required\" aria-required=\"true\" aria-invalid=\"false\" value=\"\" type=\"text\" name=\"your-subject\" \/><\/span>\n<\/p>\n<p>Ihre Nachricht (Pflichtfeld):\n<\/p>\n<p><span class=\"wpcf7-form-control-wrap\" data-name=\"your-message\"><textarea cols=\"40\" rows=\"10\" maxlength=\"2000\" class=\"wpcf7-form-control wpcf7-textarea wpcf7-validates-as-required\" aria-required=\"true\" aria-invalid=\"false\" name=\"your-message\"><\/textarea><\/span>\n<\/p>\n<p>Bei der Verwendung dieses Kontaktformulars sind Sie mit den in unserer<br \/>\nDatenschutz-Erkl\u00e4rung (Punkt \"Kontaktm\u00f6glichkeit\") genannten Punkte zur<br \/>\nVerarbeitung Ihrer pers\u00f6nlichen Daten einverstanden. Dies best\u00e4tigen Sie<br \/>\nbitte mit dem nachfolgenden Kontrollk\u00e4stchen. (<a href=\"\/?page_id=563\" target=\"_blank\">Datzenschutz-Erkl\u00e4rung<\/a>)\n<\/p>\n<p><span class=\"wpcf7-form-control-wrap\" data-name=\"acceptance\"><span class=\"wpcf7-form-control wpcf7-acceptance\"><span class=\"wpcf7-list-item\"><label><input type=\"checkbox\" name=\"acceptance\" value=\"1\" aria-invalid=\"false\" \/><span class=\"wpcf7-list-item-label\">Datenschutz-Erkl\u00e4rung gelesen und damit einverstanden<\/span><\/label><\/span><\/span><\/span>\n<\/p>\n<p>[wpcaptcha]\n<\/p>\n<p><input class=\"wpcf7-form-control wpcf7-submit has-spinner\" type=\"submit\" value=\"Senden\" \/>\n<\/p><div class=\"wpcf7-response-output\" aria-hidden=\"true\"><\/div>\n<\/form>\n<\/div>\n<\/td>\n<td width=\"50%\"><b>Adresse des Verhaltenszentrums:<\/b><br \/>\nHarbrookweg 3 (Parkplatz auf H\u00f6he Nr. 5)<br \/>\n25494 Borstel-Hohenraden<br \/>\n<b>Telefonnummer:<\/b><br \/>\n040 36196050<\/p>\n<p><a href=\"https:\/\/www.tierverhaltenszentrum.de\/wp-content\/uploads\/2015\/08\/animal-portrait-234836.jpg\"><img loading=\"lazy\" decoding=\"async\" class=\" size-medium wp-image-182 alignnone\" src=\"https:\/\/www.tierverhaltenszentrum.de\/wp-content\/uploads\/2015\/08\/animal-portrait-234836-300x199.jpg\" alt=\"animal-portrait-234836\" width=\"300\" height=\"199\" srcset=\"https:\/\/www.tierverhaltenszentrum.de\/wp-content\/uploads\/2015\/08\/animal-portrait-234836-300x199.jpg 300w, https:\/\/www.tierverhaltenszentrum.de\/wp-content\/uploads\/2015\/08\/animal-portrait-234836.jpg 591w\" sizes=\"auto, (max-width: 300px) 100vw, 300px\" \/><\/a><\/td>\n<\/tr>\n<\/tbody>\n<\/table>\n","protected":false},"excerpt":{"rendered":"<p>F\u00fcr eine Terminvereinbarung f\u00fcr eine Verhaltensberatung erreichen sie das B\u00fcro unter 040 36196050 von Montag bis Freitag 9:00 &#8211; 13:00 Uhr oder verwenden Sie das Kontaktformular. In dringenden Notf\u00e4llen hinterlassen Sie mir eine Nachricht auf meiner Mailbox unter 0176-2358 4358. Ich rufe Sie dann am selben Tag zur\u00fcck. Noch ein wichtiger Hinweis:\u00a0Als mobile Praxis haben &hellip; <\/p>\n<p><a class=\"more-link block-button\" href=\"https:\/\/www.tierverhaltenszentrum.de\/?page_id=79\">Weiterlesen &raquo;<\/a><\/p>\n","protected":false},"author":1,"featured_media":0,"parent":0,"menu_order":0,"comment_status":"closed","ping_status":"closed","template":"","meta":{"footnotes":""},"class_list":["post-79","page","type-page","status-publish","hentry","nodate"],"_links":{"self":[{"href":"https:\/\/www.tierverhaltenszentrum.de\/index.php?rest_route=\/wp\/v2\/pages\/79","targetHints":{"allow":["GET"]}}],"collection":[{"href":"https:\/\/www.tierverhaltenszentrum.de\/index.php?rest_route=\/wp\/v2\/pages"}],"about":[{"href":"https:\/\/www.tierverhaltenszentrum.de\/index.php?rest_route=\/wp\/v2\/types\/page"}],"author":[{"embeddable":true,"href":"https:\/\/www.tierverhaltenszentrum.de\/index.php?rest_route=\/wp\/v2\/users\/1"}],"replies":[{"embeddable":true,"href":"https:\/\/www.tierverhaltenszentrum.de\/index.php?rest_route=%2Fwp%2Fv2%2Fcomments&post=79"}],"version-history":[{"count":10,"href":"https:\/\/www.tierverhaltenszentrum.de\/index.php?rest_route=\/wp\/v2\/pages\/79\/revisions"}],"predecessor-version":[{"id":567,"href":"https:\/\/www.tierverhaltenszentrum.de\/index.php?rest_route=\/wp\/v2\/pages\/79\/revisions\/567"}],"wp:attachment":[{"href":"https:\/\/www.tierverhaltenszentrum.de\/index.php?rest_route=%2Fwp%2Fv2%2Fmedia&parent=79"}],"curies":[{"name":"wp","href":"https:\/\/api.w.org\/{rel}","templated":true}]}}