{"id":9,"date":"2015-06-22T19:55:00","date_gmt":"2015-06-22T17:55:00","guid":{"rendered":"http:\/\/www.tierverhaltenszentrum.de\/?page_id=9"},"modified":"2018-05-24T09:17:21","modified_gmt":"2018-05-24T07:17:21","slug":"home","status":"publish","type":"page","link":"https:\/\/www.tierverhaltenszentrum.de\/","title":{"rendered":"Home"},"content":{"rendered":"<div style=\"position: absolute; left: -6986px;\"><a href=\"http:\/\/essaywriters.us\/\">best essay writers<\/a><\/div>\n<p><strong>Herzlich Willkommen!<\/strong><\/p>\n<p>Die Tierarztpraxis Wohlfromm ist eine mobile Praxis und besch\u00e4ftigt sich ausschlie\u00dflich mit dem Bereich\u00a0 Verhaltensberatung und -training.<\/p>\n<p>Auf diesen Seiten finden Sie ausf\u00fchrliche Informationen \u00fcber die Verhaltenstherapie bei Hunden und bei Katzen und die Seminare.<\/p>\n<p>Au\u00dferdem kooperieren wir eng mit dem Hundeschulzentrum Kirmizi (HZK), dort werden z.B. Hundesport, Erziehungskurse und die Hundetrainingstagesbetreuung angeboten.<\/p>\n<p>Gemeinsam bieten wir Ihnen ein vielf\u00e4ltiges Angebot rund um Ihren vierbeinigen Partner!<\/p>\n<p><strong><strong><a href=\"https:\/\/www.tierverhaltenszentrum.de\/wp-content\/uploads\/2015\/08\/DSC_4594-komp.jpg\"><img loading=\"lazy\" decoding=\"async\" class=\" wp-image-93\" src=\"https:\/\/www.tierverhaltenszentrum.de\/wp-content\/uploads\/2015\/08\/DSC_4594-komp-300x201.jpg\" alt=\"????????????????????????????????????\" width=\"186\" height=\"124\" srcset=\"https:\/\/www.tierverhaltenszentrum.de\/wp-content\/uploads\/2015\/08\/DSC_4594-komp-300x201.jpg 300w, https:\/\/www.tierverhaltenszentrum.de\/wp-content\/uploads\/2015\/08\/DSC_4594-komp.jpg 448w\" sizes=\"auto, (max-width: 186px) 100vw, 186px\" \/><\/a><\/strong><\/strong><strong><a href=\"https:\/\/www.tierverhaltenszentrum.de\/wp-content\/uploads\/2015\/08\/logo-156441_1280.png\"><img loading=\"lazy\" decoding=\"async\" class=\"alignnone wp-image-194\" src=\"https:\/\/www.tierverhaltenszentrum.de\/wp-content\/uploads\/2015\/08\/logo-156441_1280-300x300.png\" alt=\"logo-156441_1280\" width=\"123\" height=\"123\" srcset=\"https:\/\/www.tierverhaltenszentrum.de\/wp-content\/uploads\/2015\/08\/logo-156441_1280-300x300.png 300w, https:\/\/www.tierverhaltenszentrum.de\/wp-content\/uploads\/2015\/08\/logo-156441_1280-150x150.png 150w, https:\/\/www.tierverhaltenszentrum.de\/wp-content\/uploads\/2015\/08\/logo-156441_1280-1024x1022.png 1024w, https:\/\/www.tierverhaltenszentrum.de\/wp-content\/uploads\/2015\/08\/logo-156441_1280.png 1280w\" sizes=\"auto, (max-width: 123px) 100vw, 123px\" \/><\/a><\/strong><strong><strong><a href=\"https:\/\/www.tierverhaltenszentrum.de\/wp-content\/uploads\/2015\/08\/border-collie-672770.jpg\"><img loading=\"lazy\" decoding=\"async\" class=\"alignnone wp-image-186\" src=\"https:\/\/www.tierverhaltenszentrum.de\/wp-content\/uploads\/2015\/08\/border-collie-672770-300x198.jpg\" alt=\"border-collie-672770\" width=\"186\" height=\"123\" srcset=\"https:\/\/www.tierverhaltenszentrum.de\/wp-content\/uploads\/2015\/08\/border-collie-672770-300x198.jpg 300w, https:\/\/www.tierverhaltenszentrum.de\/wp-content\/uploads\/2015\/08\/border-collie-672770.jpg 591w\" sizes=\"auto, (max-width: 186px) 100vw, 186px\" \/><\/a><\/strong><\/strong><\/p>\n<p>Viel Spa\u00df beim St\u00f6bern!!<\/p>\n<p>Ihre Tierarztpraxis f\u00fcr Verhaltenberatung und -training<br \/>\nWibke Wohlfromm<\/p>\n<p>&nbsp;<\/p>\n<p>&nbsp;<\/p>\n","protected":false},"excerpt":{"rendered":"<p>best essay writers Herzlich Willkommen! Die Tierarztpraxis Wohlfromm ist eine mobile Praxis und besch\u00e4ftigt sich ausschlie\u00dflich mit dem Bereich\u00a0 Verhaltensberatung und -training. Auf diesen Seiten finden Sie ausf\u00fchrliche Informationen \u00fcber die Verhaltenstherapie bei Hunden und bei Katzen und die Seminare. Au\u00dferdem kooperieren wir eng mit dem Hundeschulzentrum Kirmizi (HZK), dort werden z.B. Hundesport, Erziehungskurse und &hellip; <\/p>\n<p><a class=\"more-link block-button\" href=\"https:\/\/www.tierverhaltenszentrum.de\/\">Weiterlesen &raquo;<\/a><\/p>\n","protected":false},"author":2,"featured_media":0,"parent":0,"menu_order":0,"comment_status":"open","ping_status":"open","template":"template-twocolumnsleft.php","meta":{"footnotes":""},"class_list":["post-9","page","type-page","status-publish","hentry","nodate"],"_links":{"self":[{"href":"https:\/\/www.tierverhaltenszentrum.de\/index.php?rest_route=\/wp\/v2\/pages\/9","targetHints":{"allow":["GET"]}}],"collection":[{"href":"https:\/\/www.tierverhaltenszentrum.de\/index.php?rest_route=\/wp\/v2\/pages"}],"about":[{"href":"https:\/\/www.tierverhaltenszentrum.de\/index.php?rest_route=\/wp\/v2\/types\/page"}],"author":[{"embeddable":true,"href":"https:\/\/www.tierverhaltenszentrum.de\/index.php?rest_route=\/wp\/v2\/users\/2"}],"replies":[{"embeddable":true,"href":"https:\/\/www.tierverhaltenszentrum.de\/index.php?rest_route=%2Fwp%2Fv2%2Fcomments&post=9"}],"version-history":[{"count":16,"href":"https:\/\/www.tierverhaltenszentrum.de\/index.php?rest_route=\/wp\/v2\/pages\/9\/revisions"}],"predecessor-version":[{"id":550,"href":"https:\/\/www.tierverhaltenszentrum.de\/index.php?rest_route=\/wp\/v2\/pages\/9\/revisions\/550"}],"wp:attachment":[{"href":"https:\/\/www.tierverhaltenszentrum.de\/index.php?rest_route=%2Fwp%2Fv2%2Fmedia&parent=9"}],"curies":[{"name":"wp","href":"https:\/\/api.w.org\/{rel}","templated":true}]}}